{"id":534,"date":"2021-10-13T11:15:37","date_gmt":"2021-10-13T14:15:37","guid":{"rendered":"https:\/\/gafingenieria.ar\/?page_id=534"},"modified":"2021-11-20T00:57:16","modified_gmt":"2021-11-20T03:57:16","slug":"servicios-de-la-energia","status":"publish","type":"page","link":"https:\/\/gafingenieria.ar\/index.php\/servicios-de-la-energia\/","title":{"rendered":"Servicios de la energ\u00eda"},"content":{"rendered":"\t\t<div data-elementor-type=\"wp-post\" data-elementor-id=\"534\" class=\"elementor elementor-534\">\n\t\t\t\t\t\t\t\t\t<section class=\"elementor-section elementor-top-section elementor-element elementor-element-313375d elementor-section-content-middle elementor-section-height-min-height elementor-section-boxed elementor-section-height-default elementor-section-items-middle\" data-id=\"313375d\" data-element_type=\"section\" data-settings=\"{&quot;background_background&quot;:&quot;classic&quot;}\">\n\t\t\t\t\t\t\t<div class=\"elementor-background-overlay\"><\/div>\n\t\t\t\t\t\t\t<div class=\"elementor-container elementor-column-gap-no\">\n\t\t\t\t\t<div class=\"elementor-column elementor-col-100 elementor-top-column elementor-element elementor-element-c5f2a6d\" data-id=\"c5f2a6d\" data-element_type=\"column\">\n\t\t\t<div class=\"elementor-widget-wrap elementor-element-populated\">\n\t\t\t\t\t\t\t\t<div class=\"elementor-element elementor-element-c93c0fb elementor-widget elementor-widget-heading\" data-id=\"c93c0fb\" data-element_type=\"widget\" data-widget_type=\"heading.default\">\n\t\t\t\t<div class=\"elementor-widget-container\">\n\t\t\t<style>\/*! elementor - v3.6.5 - 27-04-2022 *\/\n.elementor-heading-title{padding:0;margin:0;line-height:1}.elementor-widget-heading .elementor-heading-title[class*=elementor-size-]>a{color:inherit;font-size:inherit;line-height:inherit}.elementor-widget-heading .elementor-heading-title.elementor-size-small{font-size:15px}.elementor-widget-heading .elementor-heading-title.elementor-size-medium{font-size:19px}.elementor-widget-heading .elementor-heading-title.elementor-size-large{font-size:29px}.elementor-widget-heading .elementor-heading-title.elementor-size-xl{font-size:39px}.elementor-widget-heading .elementor-heading-title.elementor-size-xxl{font-size:59px}<\/style><h1 class=\"elementor-heading-title elementor-size-default\">Servicios de la energ\u00eda<\/h1>\t\t<\/div>\n\t\t\t\t<\/div>\n\t\t\t\t\t<\/div>\n\t\t<\/div>\n\t\t\t\t\t\t\t<\/div>\n\t\t<\/section>\n\t\t\t\t<section class=\"elementor-section elementor-top-section elementor-element elementor-element-fc666ef elementor-section-boxed elementor-section-height-default elementor-section-height-default\" data-id=\"fc666ef\" data-element_type=\"section\">\n\t\t\t\t\t\t<div class=\"elementor-container elementor-column-gap-default\">\n\t\t\t\t\t<div class=\"elementor-column elementor-col-100 elementor-top-column elementor-element elementor-element-812387e\" data-id=\"812387e\" data-element_type=\"column\">\n\t\t\t<div class=\"elementor-widget-wrap elementor-element-populated\">\n\t\t\t\t\t\t\t\t<div class=\"elementor-element elementor-element-e00d8c2 elementor-widget elementor-widget-text-editor\" data-id=\"e00d8c2\" data-element_type=\"widget\" data-widget_type=\"text-editor.default\">\n\t\t\t\t<div class=\"elementor-widget-container\">\n\t\t\t<style>\/*! elementor - v3.6.5 - 27-04-2022 *\/\n.elementor-widget-text-editor.elementor-drop-cap-view-stacked .elementor-drop-cap{background-color:#818a91;color:#fff}.elementor-widget-text-editor.elementor-drop-cap-view-framed .elementor-drop-cap{color:#818a91;border:3px solid;background-color:transparent}.elementor-widget-text-editor:not(.elementor-drop-cap-view-default) .elementor-drop-cap{margin-top:8px}.elementor-widget-text-editor:not(.elementor-drop-cap-view-default) .elementor-drop-cap-letter{width:1em;height:1em}.elementor-widget-text-editor .elementor-drop-cap{float:left;text-align:center;line-height:1;font-size:50px}.elementor-widget-text-editor .elementor-drop-cap-letter{display:inline-block}<\/style>\t\t\t\t<p><strong><span style=\"text-decoration: underline;\">Proyecto, Direcci\u00f3n T\u00e9cnica y Ejecutiva de Obras El\u00e9ctricas y Electromec\u00e1nicas en Baja (220\/380V) y Media Tensi\u00f3n (13,2 y 33kV):<\/span><\/strong> <br \/>Contempla redes el\u00e9ctricas de todo tipo, inclu\u00eddas l\u00edneas rurales trif\u00e1sicas y retorno monof\u00e1sico por tierra (MRT), Subestaciones de rebaje 33\/13,2kV y de distribuci\u00f3n de 13,2\/33 kV a 220\/380 V. Distribuci\u00f3n de energ\u00eda en barrios, tanto abiertos como cerrados e instalaci\u00f3n de grupos electr\u00f3genos de todo tipo, teniendo en cuenta de ser necesario, instalaci\u00f3n y puesta en marcha de Tableros de Transferencia Autom\u00e1tica.<\/p><p style=\"text-align: left;\"><strong><span style=\"text-decoration: underline;\">&#8211; Proyectos de iluminaci\u00f3n interior y exterior:<\/span><\/strong> <br \/>En interiores, iluminaci\u00f3n normal y decorativa. En el exterior, realizaci\u00f3n de iluminaci\u00f3n de campos deportivos, estacionamientos, calles y avenidas, como as\u00ed tambi\u00e9n parques y paseos.<\/p><p><u><b>&#8211; Energ\u00edas Renovables:<\/b><\/u><br \/>Involucra el c\u00e1lculo, proyecto y mantenimiento de redes de energ\u00eda fotovoltaica, tanto ON GRID, como OFF GRID, incluyendo el banco de bater\u00edas correspondientes. De la misma forma se pueden complementar con instalaciones de energ\u00eda e\u00f3lica.<\/p><p><u><b>&#8211; Eficiencia Energ\u00e9tica: <\/b><\/u><br \/>Estudio de situaci\u00f3n y propuesta de mejora en la eficiencia de las instalaciones de todo tipo para ahorro de energ\u00eda.<br \/>&#8211; An\u00e1lisis de Instalaciones el\u00e9ctricas:<br \/>Entre otras, Medici\u00f3n de la resistencia de Puesta a tierra, en funci\u00f3n de la Resoluci\u00f3n 900 (m\u00e9todo convencional e impedancia del lazo, para inmuebles donde resulte imposible el hincado de jabalinas), Verificaci\u00f3n de instalaciones el\u00e9ctricas, Medici\u00f3n de los par\u00e1metros de los Interruptores Diferenciales (corriente y tiempo esperados), Medici\u00f3n de la resistencia de aislaci\u00f3n, Comprobaci\u00f3n del orden de fases, Comprobaci\u00f3n del sentido de giro de motores, Medici\u00f3n de intensidad de la luz, etc.<\/p><p><u><b>&#8211; Termograf\u00eda: <\/b><\/u><br \/>Para la detecci\u00f3n de fallas por puntos calientes de tableros, motores, etc.<\/p><p>&#8211; Detecci\u00f3n de traza de circuitos subterr\u00e1neos y sobre pared y determinaci\u00f3n de \u00e1rea de cobertura de protecciones en tableros.<\/p>\t\t\t\t\t\t<\/div>\n\t\t\t\t<\/div>\n\t\t\t\t\t<\/div>\n\t\t<\/div>\n\t\t\t\t\t\t\t<\/div>\n\t\t<\/section>\n\t\t\t\t\t\t\t<\/div>\n\t\t","protected":false},"excerpt":{"rendered":"<p>Servicios de la energ\u00eda Proyecto, Direcci\u00f3n T\u00e9cnica y Ejecutiva de Obras El\u00e9ctricas y Electromec\u00e1nicas en Baja (220\/380V) y Media Tensi\u00f3n (13,2 y 33kV): Contempla redes el\u00e9ctricas de todo tipo, inclu\u00eddas l\u00edneas rurales trif\u00e1sicas y retorno monof\u00e1sico por tierra (MRT), Subestaciones de rebaje 33\/13,2kV y de distribuci\u00f3n de 13,2\/33 kV a 220\/380 V. Distribuci\u00f3n de energ\u00eda &hellip;<\/p>\n<p class=\"read-more\"> <a class=\"\" href=\"https:\/\/gafingenieria.ar\/index.php\/servicios-de-la-energia\/\"> <span class=\"screen-reader-text\">Servicios de la energ\u00eda<\/span> Leer m\u00e1s &raquo;<\/a><\/p>\n","protected":false},"author":1,"featured_media":0,"parent":0,"menu_order":0,"comment_status":"closed","ping_status":"closed","template":"","meta":{"spay_email":"","_joinchat":[],"footnotes":""},"class_list":["post-534","page","type-page","status-publish","hentry"],"jetpack-related-posts":[{"id":22,"url":"https:\/\/gafingenieria.ar\/index.php\/mediciones\/","url_meta":{"origin":534,"position":0},"title":"Medici\u00f3nes","date":"26 noviembre, 2018","format":false,"excerpt":"Mediciones - Mediciones de ruido:Realizamos las mediciones seg\u00fan Protocolo de ruido: este protocolo se encuentra establecido en\u00a0Resoluci\u00f3n SRT N\u00ba 85\/12\u00a0y es de realizaci\u00f3n obligatoria para todos aquellos que deban medir el nivel de ruido en ambiente laboral.EPP: Esta medici\u00f3n se realiza con son\u00f3metro integrador de manera de obtener el nivel\u2026","rel":"","context":"Entrada similar ","img":{"alt_text":"","src":"","width":0,"height":0},"classes":[]},{"id":20,"url":"https:\/\/gafingenieria.ar\/","url_meta":{"origin":534,"position":1},"title":"Inicio","date":"26 noviembre, 2018","format":false,"excerpt":"servicio de consultor\u00eda profesional a industrias, comercios, agro y construcci\u00f3n Nuestros Servicios Servicios de la energ\u00eda Proyecto, Direcci\u00f3n T\u00e9cnica y Ejecutiva de Obras El\u00e9ctricas y Electromec\u00e1nicas en Baja (220\/380V) y Media Tensi\u00f3n (13,2 y 33kV) Conoce m\u00e1s Seguridad e higiene Servicio de higiene y seguridad en el trabajo, mediciones de\u2026","rel":"","context":"Entrada similar ","img":{"alt_text":"","src":"https:\/\/i0.wp.com\/gafingenieria.ar\/wp-content\/uploads\/2021\/11\/logo-todo-blanco.png?resize=350%2C200&ssl=1","width":350,"height":200},"classes":[]},{"id":725,"url":"https:\/\/gafingenieria.ar\/index.php\/soluciones-ambientales\/","url_meta":{"origin":534,"position":2},"title":"Soluciones ambientales","date":"15 octubre, 2021","format":false,"excerpt":"Soluciones ambientales - Sistema Integral de Tr\u00e1mites para el Desarrollo TerritorialAsesoramiento en el nuevo Portal Integrado de Tr\u00e1mites ante OPDS y ADA, la nueva exigencia para todas las empresas de la Provincia de Buenos Aires.OPDS- Emisi\u00f3n y Renovaci\u00f3n de Certificado de Aptitud Ambiental ( EIA y Auditor\u00eda Ambiental)- Alta, Clasificaci\u00f3n\u2026","rel":"","context":"Entrada similar ","img":{"alt_text":"","src":"","width":0,"height":0},"classes":[]},{"id":21,"url":"https:\/\/gafingenieria.ar\/index.php\/nosotros\/","url_meta":{"origin":534,"position":3},"title":"Nosotros","date":"26 noviembre, 2018","format":false,"excerpt":"Nosotros Ing. Fabricio StamponeFormaci\u00f3n: Ing. Electromec\u00e1nico (Fac. de Ingenieria-U.N.C.P.B.A) \/ Diplomatura en energias renovables (Fac. de Ingenieria-U.N.C.P.B.A) Linkedin Ing. Ma. Giannina PastorFormaci\u00f3n: Ing. Qu\u00edmica (Fac. de Ingenieria-U.N.C.P.B.A) Ing. En Seguridad e Higiene en el trabajo (Fac. de Ingenier\u00eda-U.N.C.P.B.A) especialista en Calidad Industrial (INCALIN-INTI) Linkedin Lic. Luciana NogarFormaci\u00f3n: Lic. En diagn\u00f3stico\u2026","rel":"","context":"Entrada similar ","img":{"alt_text":"","src":"","width":0,"height":0},"classes":[]},{"id":724,"url":"https:\/\/gafingenieria.ar\/index.php\/seguridad-e-higiene\/","url_meta":{"origin":534,"position":4},"title":"Seguridad e higiene","date":"15 octubre, 2021","format":false,"excerpt":"Seguridad e higiene - Servicio de higiene y seguridad en el trabajo:Asesoramiento profesional a Industrias, Comercios, Agro, Construcci\u00f3n, Telecomunicaciones.Prevenci\u00f3n de riesgos espec\u00edficos.- Mediciones de ambientes de trabajo:Medici\u00f3n, an\u00e1lisis e informe de ambientes presentes en los distintos puestos de trabajo o la exposici\u00f3n de trabajadores a los diferentes factores de riesgo.\u2026","rel":"","context":"Entrada similar ","img":{"alt_text":"","src":"","width":0,"height":0},"classes":[]},{"id":1106,"url":"https:\/\/gafingenieria.ar\/index.php\/nuestros-clientes\/","url_meta":{"origin":534,"position":5},"title":"Nuestros Clientes","date":"20 noviembre, 2021","format":false,"excerpt":"Nuestros clientes GAUCHOMIXAsesoramiento en higiene y seguridad- mediciones CERAMICA BLANCAOptimizaci\u00f3n de procesos productivos PRODULACAsesoramiento en higiene y seguridad- mediciones AXIONAsesoramiento en higiene y seguridad- mediciones SULVATAsesoramiento en higiene y seguridad- mediciones- implementaci\u00f3n Sistema de Gesti\u00f3n de la Calidad Informes T\u00e9cnicos para habilitaciones municipales- provinciales:Cooperativa de provision de servicios productores agr\u00edcolas\u2026","rel":"","context":"Entrada similar ","img":{"alt_text":"","src":"","width":0,"height":0},"classes":[]}],"_links":{"self":[{"href":"https:\/\/gafingenieria.ar\/index.php\/wp-json\/wp\/v2\/pages\/534","targetHints":{"allow":["GET"]}}],"collection":[{"href":"https:\/\/gafingenieria.ar\/index.php\/wp-json\/wp\/v2\/pages"}],"about":[{"href":"https:\/\/gafingenieria.ar\/index.php\/wp-json\/wp\/v2\/types\/page"}],"author":[{"embeddable":true,"href":"https:\/\/gafingenieria.ar\/index.php\/wp-json\/wp\/v2\/users\/1"}],"replies":[{"embeddable":true,"href":"https:\/\/gafingenieria.ar\/index.php\/wp-json\/wp\/v2\/comments?post=534"}],"version-history":[{"count":33,"href":"https:\/\/gafingenieria.ar\/index.php\/wp-json\/wp\/v2\/pages\/534\/revisions"}],"predecessor-version":[{"id":1153,"href":"https:\/\/gafingenieria.ar\/index.php\/wp-json\/wp\/v2\/pages\/534\/revisions\/1153"}],"wp:attachment":[{"href":"https:\/\/gafingenieria.ar\/index.php\/wp-json\/wp\/v2\/media?parent=534"}],"curies":[{"name":"wp","href":"https:\/\/api.w.org\/{rel}","templated":true}]}}