{"id":724,"date":"2021-10-15T13:37:56","date_gmt":"2021-10-15T16:37:56","guid":{"rendered":"https:\/\/gafingenieria.ar\/?page_id=724"},"modified":"2022-06-05T17:51:32","modified_gmt":"2022-06-05T20:51:32","slug":"seguridad-e-higiene","status":"publish","type":"page","link":"https:\/\/gafingenieria.ar\/index.php\/seguridad-e-higiene\/","title":{"rendered":"Seguridad e higiene"},"content":{"rendered":"\t\t<div data-elementor-type=\"wp-post\" data-elementor-id=\"724\" class=\"elementor elementor-724\">\n\t\t\t\t\t\t\t\t\t<section class=\"elementor-section elementor-top-section elementor-element elementor-element-313375d elementor-section-content-middle elementor-section-height-min-height elementor-section-boxed elementor-section-height-default elementor-section-items-middle\" data-id=\"313375d\" data-element_type=\"section\" data-settings=\"{&quot;background_background&quot;:&quot;classic&quot;}\">\n\t\t\t\t\t\t\t<div class=\"elementor-background-overlay\"><\/div>\n\t\t\t\t\t\t\t<div class=\"elementor-container elementor-column-gap-no\">\n\t\t\t\t\t<div class=\"elementor-column elementor-col-100 elementor-top-column elementor-element elementor-element-c5f2a6d\" data-id=\"c5f2a6d\" data-element_type=\"column\">\n\t\t\t<div class=\"elementor-widget-wrap elementor-element-populated\">\n\t\t\t\t\t\t\t\t<div class=\"elementor-element elementor-element-c93c0fb elementor-widget elementor-widget-heading\" data-id=\"c93c0fb\" data-element_type=\"widget\" data-widget_type=\"heading.default\">\n\t\t\t\t<div class=\"elementor-widget-container\">\n\t\t\t<style>\/*! elementor - v3.6.5 - 27-04-2022 *\/\n.elementor-heading-title{padding:0;margin:0;line-height:1}.elementor-widget-heading .elementor-heading-title[class*=elementor-size-]>a{color:inherit;font-size:inherit;line-height:inherit}.elementor-widget-heading .elementor-heading-title.elementor-size-small{font-size:15px}.elementor-widget-heading .elementor-heading-title.elementor-size-medium{font-size:19px}.elementor-widget-heading .elementor-heading-title.elementor-size-large{font-size:29px}.elementor-widget-heading .elementor-heading-title.elementor-size-xl{font-size:39px}.elementor-widget-heading .elementor-heading-title.elementor-size-xxl{font-size:59px}<\/style><h1 class=\"elementor-heading-title elementor-size-default\">Seguridad e higiene<\/h1>\t\t<\/div>\n\t\t\t\t<\/div>\n\t\t\t\t\t<\/div>\n\t\t<\/div>\n\t\t\t\t\t\t\t<\/div>\n\t\t<\/section>\n\t\t\t\t<section class=\"elementor-section elementor-top-section elementor-element elementor-element-351d6a3 elementor-section-boxed elementor-section-height-default elementor-section-height-default\" data-id=\"351d6a3\" data-element_type=\"section\">\n\t\t\t\t\t\t<div class=\"elementor-container elementor-column-gap-default\">\n\t\t\t\t\t<div class=\"elementor-column elementor-col-100 elementor-top-column elementor-element elementor-element-44af65f\" data-id=\"44af65f\" data-element_type=\"column\">\n\t\t\t<div class=\"elementor-widget-wrap elementor-element-populated\">\n\t\t\t\t\t\t\t\t<div class=\"elementor-element elementor-element-762cee0 elementor-widget elementor-widget-text-editor\" data-id=\"762cee0\" data-element_type=\"widget\" data-widget_type=\"text-editor.default\">\n\t\t\t\t<div class=\"elementor-widget-container\">\n\t\t\t<style>\/*! elementor - v3.6.5 - 27-04-2022 *\/\n.elementor-widget-text-editor.elementor-drop-cap-view-stacked .elementor-drop-cap{background-color:#818a91;color:#fff}.elementor-widget-text-editor.elementor-drop-cap-view-framed .elementor-drop-cap{color:#818a91;border:3px solid;background-color:transparent}.elementor-widget-text-editor:not(.elementor-drop-cap-view-default) .elementor-drop-cap{margin-top:8px}.elementor-widget-text-editor:not(.elementor-drop-cap-view-default) .elementor-drop-cap-letter{width:1em;height:1em}.elementor-widget-text-editor .elementor-drop-cap{float:left;text-align:center;line-height:1;font-size:50px}.elementor-widget-text-editor .elementor-drop-cap-letter{display:inline-block}<\/style>\t\t\t\t<p><b><u>&#8211; Servicio de higiene y seguridad en el trabajo:<\/u><\/b><br \/>Asesoramiento profesional a Industrias, Comercios, Agro, Construcci\u00f3n, Telecomunicaciones.<br \/>Prevenci\u00f3n de riesgos espec\u00edficos.<\/p><p><u><b>&#8211; Mediciones de ambientes de trabajo:<\/b><\/u><br \/>Medici\u00f3n, an\u00e1lisis e informe de ambientes presentes en los distintos puestos de trabajo o la exposici\u00f3n de trabajadores a los diferentes factores de riesgo. Permitiendo establecer las diferentes medidas correctivas y preventivas en beneficios de la salud de los trabajadores y mejora del ambiente laboral.<\/p><p><u><b>&#8211; Prevenci\u00f3n de incendios:<br \/><\/b><\/u>C\u00e1lculo de carga de fuego.<br \/>C\u00e1lculo de la cantidad de extintores necesarios.<br \/>Certificados de tratamiento ign\u00edfugo para los materiales y superficies que as\u00ed lo requieran.<br \/>Elaboraci\u00f3n de un plan de evacuaci\u00f3n.<br \/>Ubicaci\u00f3n y dimensiones de las salidas de emergencia.<br \/>Capacitaci\u00f3n al personal sobre el uso de extintores.<br \/>Simulacro de emergencia y evacuaci\u00f3n.<br \/>Planos de evacuaci\u00f3n.<br \/>Informe antisiniestral.<\/p><p><u><b>&#8211; Procedimientos de trabajo:<\/b><\/u><br \/>Identificaci\u00f3n de los procesos peligrosos en cada tarea que realiza el trabajador, evaluando los riesgos derivados de los diferentes procesos peligrosos, y cuantificar la posibilidad de sufrir un da\u00f1o al estar expuesto a ellos.<br \/>An\u00e1lisis de alternativas para controlar los riesgos y su tipo, pudi\u00e9ndose aplicar controles de ingenier\u00eda, administrativos y\/o de protecci\u00f3n personal que permitan minimizar el impacto en su salud.<br \/>Establecer procedimientos de trabajo seguro. Manuales de seguridad Operativa, Controles y Registros de los mismos.<\/p><p><span style=\"text-decoration: underline;\"><strong><u><b>&#8211; <\/b><\/u>Seguridad e higiene en obra:<\/strong><\/span><\/p><p>El <span style=\"text-decoration: underline; color: #000000;\"><b><a style=\"color: #000000; text-decoration: underline;\" href=\"http:\/\/- Seguridad e higiene en obra: El decreto N\u00ba 911\/96 establece la obligaci\u00f3n de fijar pol\u00edticas para prevenir, promover y mantener adecuadas condiciones en cualquier obra realizada en todo el territorio nacional. Tambi\u00e9n se establece la obligatoriedad de confeccionar un Legajo T\u00e9cnico de obra que contenga Programas de Seguridad de contratistas, capacitaciones y procedimientos de trabajo seguro para las tareas que se realicen. Realizamos los Legajos de obra, confeccionamos los Programas de Seguridad y las presentaciones ante la ART que corresponda, cronogramas de capacitaciones, etc.- - Capacitaciones: Brindamos capacitaciones en materia de prevenci\u00f3n de enfermedades profesionales y de accidentes de trabajo, de acuerdo a las caracter\u00edsticas y riesgos generales y espec\u00edficos de las tareas que se desempe\u00f1an en cada ambiente de trabajo.\" data-wplink-url-error=\"true\"><span style=\"color: #ff6600; text-decoration: underline;\">decreto N\u00ba 911\/96<\/span><\/a>\u00a0<\/b><\/span> establece la obligaci\u00f3n de fijar pol\u00edticas para prevenir, promover y mantener adecuadas condiciones en cualquier obra realizada en todo el territorio nacional. Tambi\u00e9n se establece la obligatoriedad de confeccionar un Legajo T\u00e9cnico de obra que contenga Programas de Seguridad de contratistas, capacitaciones y procedimientos de trabajo seguro para las tareas que se realicen.<\/p><p>Realizamos los Legajos de obra, confeccionamos los Programas de Seguridad y las presentaciones ante la ART que corresponda, cronogramas de capacitaciones, etc.-<\/p><ul><li><strong>Capacitaciones<\/strong>:<\/li><\/ul><p>Brindamos capacitaciones en materia de\u00a0 prevenci\u00f3n de enfermedades profesionales y de accidentes de trabajo, de acuerdo a las caracter\u00edsticas y riesgos generales y espec\u00edficos de las tareas que se desempe\u00f1an en cada ambiente de trabajo.<\/p>\t\t\t\t\t\t<\/div>\n\t\t\t\t<\/div>\n\t\t\t\t\t<\/div>\n\t\t<\/div>\n\t\t\t\t\t\t\t<\/div>\n\t\t<\/section>\n\t\t\t\t\t\t\t<\/div>\n\t\t","protected":false},"excerpt":{"rendered":"<p>Seguridad e higiene &#8211; Servicio de higiene y seguridad en el trabajo:Asesoramiento profesional a Industrias, Comercios, Agro, Construcci\u00f3n, Telecomunicaciones.Prevenci\u00f3n de riesgos espec\u00edficos. &#8211; Mediciones de ambientes de trabajo:Medici\u00f3n, an\u00e1lisis e informe de ambientes presentes en los distintos puestos de trabajo o la exposici\u00f3n de trabajadores a los diferentes factores de riesgo. Permitiendo establecer las diferentes &hellip;<\/p>\n<p class=\"read-more\"> <a class=\"\" href=\"https:\/\/gafingenieria.ar\/index.php\/seguridad-e-higiene\/\"> <span class=\"screen-reader-text\">Seguridad e higiene<\/span> Leer m\u00e1s &raquo;<\/a><\/p>\n","protected":false},"author":1,"featured_media":0,"parent":0,"menu_order":0,"comment_status":"closed","ping_status":"closed","template":"","meta":{"spay_email":"","_joinchat":[],"footnotes":""},"class_list":["post-724","page","type-page","status-publish","hentry"],"jetpack-related-posts":[{"id":1106,"url":"https:\/\/gafingenieria.ar\/index.php\/nuestros-clientes\/","url_meta":{"origin":724,"position":0},"title":"Nuestros Clientes","date":"20 noviembre, 2021","format":false,"excerpt":"Nuestros clientes GAUCHOMIXAsesoramiento en higiene y seguridad- mediciones CERAMICA BLANCAOptimizaci\u00f3n de procesos productivos PRODULACAsesoramiento en higiene y seguridad- mediciones AXIONAsesoramiento en higiene y seguridad- mediciones SULVATAsesoramiento en higiene y seguridad- mediciones- implementaci\u00f3n Sistema de Gesti\u00f3n de la Calidad Informes T\u00e9cnicos para habilitaciones municipales- provinciales:Cooperativa de provision de servicios productores agr\u00edcolas\u2026","rel":"","context":"Entrada similar ","img":{"alt_text":"","src":"","width":0,"height":0},"classes":[]},{"id":22,"url":"https:\/\/gafingenieria.ar\/index.php\/mediciones\/","url_meta":{"origin":724,"position":1},"title":"Medici\u00f3nes","date":"26 noviembre, 2018","format":false,"excerpt":"Mediciones - Mediciones de ruido:Realizamos las mediciones seg\u00fan Protocolo de ruido: este protocolo se encuentra establecido en\u00a0Resoluci\u00f3n SRT N\u00ba 85\/12\u00a0y es de realizaci\u00f3n obligatoria para todos aquellos que deban medir el nivel de ruido en ambiente laboral.EPP: Esta medici\u00f3n se realiza con son\u00f3metro integrador de manera de obtener el nivel\u2026","rel":"","context":"Entrada similar ","img":{"alt_text":"","src":"","width":0,"height":0},"classes":[]},{"id":20,"url":"https:\/\/gafingenieria.ar\/","url_meta":{"origin":724,"position":2},"title":"Inicio","date":"26 noviembre, 2018","format":false,"excerpt":"servicio de consultor\u00eda profesional a industrias, comercios, agro y construcci\u00f3n Nuestros Servicios Servicios de la energ\u00eda Proyecto, Direcci\u00f3n T\u00e9cnica y Ejecutiva de Obras El\u00e9ctricas y Electromec\u00e1nicas en Baja (220\/380V) y Media Tensi\u00f3n (13,2 y 33kV) Conoce m\u00e1s Seguridad e higiene Servicio de higiene y seguridad en el trabajo, mediciones de\u2026","rel":"","context":"Entrada similar ","img":{"alt_text":"","src":"https:\/\/i0.wp.com\/gafingenieria.ar\/wp-content\/uploads\/2021\/11\/logo-todo-blanco.png?resize=350%2C200&ssl=1","width":350,"height":200},"classes":[]},{"id":534,"url":"https:\/\/gafingenieria.ar\/index.php\/servicios-de-la-energia\/","url_meta":{"origin":724,"position":3},"title":"Servicios de la energ\u00eda","date":"13 octubre, 2021","format":false,"excerpt":"Servicios de la energ\u00eda Proyecto, Direcci\u00f3n T\u00e9cnica y Ejecutiva de Obras El\u00e9ctricas y Electromec\u00e1nicas en Baja (220\/380V) y Media Tensi\u00f3n (13,2 y 33kV): Contempla redes el\u00e9ctricas de todo tipo, inclu\u00eddas l\u00edneas rurales trif\u00e1sicas y retorno monof\u00e1sico por tierra (MRT), Subestaciones de rebaje 33\/13,2kV y de distribuci\u00f3n de 13,2\/33 kV a\u2026","rel":"","context":"Entrada similar ","img":{"alt_text":"","src":"","width":0,"height":0},"classes":[]},{"id":21,"url":"https:\/\/gafingenieria.ar\/index.php\/nosotros\/","url_meta":{"origin":724,"position":4},"title":"Nosotros","date":"26 noviembre, 2018","format":false,"excerpt":"Nosotros Ing. Fabricio StamponeFormaci\u00f3n: Ing. Electromec\u00e1nico (Fac. de Ingenieria-U.N.C.P.B.A) \/ Diplomatura en energias renovables (Fac. de Ingenieria-U.N.C.P.B.A) Linkedin Ing. Ma. Giannina PastorFormaci\u00f3n: Ing. Qu\u00edmica (Fac. de Ingenieria-U.N.C.P.B.A) Ing. En Seguridad e Higiene en el trabajo (Fac. de Ingenier\u00eda-U.N.C.P.B.A) especialista en Calidad Industrial (INCALIN-INTI) Linkedin Lic. Luciana NogarFormaci\u00f3n: Lic. En diagn\u00f3stico\u2026","rel":"","context":"Entrada similar ","img":{"alt_text":"","src":"","width":0,"height":0},"classes":[]},{"id":725,"url":"https:\/\/gafingenieria.ar\/index.php\/soluciones-ambientales\/","url_meta":{"origin":724,"position":5},"title":"Soluciones ambientales","date":"15 octubre, 2021","format":false,"excerpt":"Soluciones ambientales - Sistema Integral de Tr\u00e1mites para el Desarrollo TerritorialAsesoramiento en el nuevo Portal Integrado de Tr\u00e1mites ante OPDS y ADA, la nueva exigencia para todas las empresas de la Provincia de Buenos Aires.OPDS- Emisi\u00f3n y Renovaci\u00f3n de Certificado de Aptitud Ambiental ( EIA y Auditor\u00eda Ambiental)- Alta, Clasificaci\u00f3n\u2026","rel":"","context":"Entrada similar ","img":{"alt_text":"","src":"","width":0,"height":0},"classes":[]}],"_links":{"self":[{"href":"https:\/\/gafingenieria.ar\/index.php\/wp-json\/wp\/v2\/pages\/724","targetHints":{"allow":["GET"]}}],"collection":[{"href":"https:\/\/gafingenieria.ar\/index.php\/wp-json\/wp\/v2\/pages"}],"about":[{"href":"https:\/\/gafingenieria.ar\/index.php\/wp-json\/wp\/v2\/types\/page"}],"author":[{"embeddable":true,"href":"https:\/\/gafingenieria.ar\/index.php\/wp-json\/wp\/v2\/users\/1"}],"replies":[{"embeddable":true,"href":"https:\/\/gafingenieria.ar\/index.php\/wp-json\/wp\/v2\/comments?post=724"}],"version-history":[{"count":34,"href":"https:\/\/gafingenieria.ar\/index.php\/wp-json\/wp\/v2\/pages\/724\/revisions"}],"predecessor-version":[{"id":1245,"href":"https:\/\/gafingenieria.ar\/index.php\/wp-json\/wp\/v2\/pages\/724\/revisions\/1245"}],"wp:attachment":[{"href":"https:\/\/gafingenieria.ar\/index.php\/wp-json\/wp\/v2\/media?parent=724"}],"curies":[{"name":"wp","href":"https:\/\/api.w.org\/{rel}","templated":true}]}}