{"id":725,"date":"2021-10-15T13:38:07","date_gmt":"2021-10-15T16:38:07","guid":{"rendered":"https:\/\/gafingenieria.ar\/?page_id=725"},"modified":"2021-11-20T00:57:11","modified_gmt":"2021-11-20T03:57:11","slug":"soluciones-ambientales","status":"publish","type":"page","link":"https:\/\/gafingenieria.ar\/index.php\/soluciones-ambientales\/","title":{"rendered":"Soluciones ambientales"},"content":{"rendered":"\t\t<div data-elementor-type=\"wp-post\" data-elementor-id=\"725\" class=\"elementor elementor-725\">\n\t\t\t\t\t\t\t\t\t<section class=\"elementor-section elementor-top-section elementor-element elementor-element-313375d elementor-section-content-middle elementor-section-height-min-height elementor-section-boxed elementor-section-height-default elementor-section-items-middle\" data-id=\"313375d\" data-element_type=\"section\" data-settings=\"{&quot;background_background&quot;:&quot;classic&quot;}\">\n\t\t\t\t\t\t\t<div class=\"elementor-background-overlay\"><\/div>\n\t\t\t\t\t\t\t<div class=\"elementor-container elementor-column-gap-no\">\n\t\t\t\t\t<div class=\"elementor-column elementor-col-100 elementor-top-column elementor-element elementor-element-c5f2a6d\" data-id=\"c5f2a6d\" data-element_type=\"column\">\n\t\t\t<div class=\"elementor-widget-wrap elementor-element-populated\">\n\t\t\t\t\t\t\t\t<div class=\"elementor-element elementor-element-c93c0fb elementor-widget elementor-widget-heading\" data-id=\"c93c0fb\" data-element_type=\"widget\" data-widget_type=\"heading.default\">\n\t\t\t\t<div class=\"elementor-widget-container\">\n\t\t\t<style>\/*! elementor - v3.6.5 - 27-04-2022 *\/\n.elementor-heading-title{padding:0;margin:0;line-height:1}.elementor-widget-heading .elementor-heading-title[class*=elementor-size-]>a{color:inherit;font-size:inherit;line-height:inherit}.elementor-widget-heading .elementor-heading-title.elementor-size-small{font-size:15px}.elementor-widget-heading .elementor-heading-title.elementor-size-medium{font-size:19px}.elementor-widget-heading .elementor-heading-title.elementor-size-large{font-size:29px}.elementor-widget-heading .elementor-heading-title.elementor-size-xl{font-size:39px}.elementor-widget-heading .elementor-heading-title.elementor-size-xxl{font-size:59px}<\/style><h1 class=\"elementor-heading-title elementor-size-default\">Soluciones ambientales<\/h1>\t\t<\/div>\n\t\t\t\t<\/div>\n\t\t\t\t\t<\/div>\n\t\t<\/div>\n\t\t\t\t\t\t\t<\/div>\n\t\t<\/section>\n\t\t\t\t<section class=\"elementor-section elementor-top-section elementor-element elementor-element-6322496 elementor-section-boxed elementor-section-height-default elementor-section-height-default\" data-id=\"6322496\" data-element_type=\"section\">\n\t\t\t\t\t\t<div class=\"elementor-container elementor-column-gap-default\">\n\t\t\t\t\t<div class=\"elementor-column elementor-col-100 elementor-top-column elementor-element elementor-element-7793440\" data-id=\"7793440\" data-element_type=\"column\">\n\t\t\t<div class=\"elementor-widget-wrap elementor-element-populated\">\n\t\t\t\t\t\t\t\t<div class=\"elementor-element elementor-element-12cfe60 elementor-widget elementor-widget-text-editor\" data-id=\"12cfe60\" data-element_type=\"widget\" data-widget_type=\"text-editor.default\">\n\t\t\t\t<div class=\"elementor-widget-container\">\n\t\t\t<style>\/*! elementor - v3.6.5 - 27-04-2022 *\/\n.elementor-widget-text-editor.elementor-drop-cap-view-stacked .elementor-drop-cap{background-color:#818a91;color:#fff}.elementor-widget-text-editor.elementor-drop-cap-view-framed .elementor-drop-cap{color:#818a91;border:3px solid;background-color:transparent}.elementor-widget-text-editor:not(.elementor-drop-cap-view-default) .elementor-drop-cap{margin-top:8px}.elementor-widget-text-editor:not(.elementor-drop-cap-view-default) .elementor-drop-cap-letter{width:1em;height:1em}.elementor-widget-text-editor .elementor-drop-cap{float:left;text-align:center;line-height:1;font-size:50px}.elementor-widget-text-editor .elementor-drop-cap-letter{display:inline-block}<\/style>\t\t\t\t<p style=\"text-align: left;\"><u><b>&#8211; Sistema Integral de Tr\u00e1mites para el Desarrollo Territorial<br \/>Asesoramiento en el nuevo Portal Integrado de Tr\u00e1mites ante OPDS y ADA, la nueva exigencia para todas las empresas de la Provincia de Buenos Aires.<br \/>OPDS<\/b><\/u><\/p><p style=\"text-align: left;\">&#8211; Emisi\u00f3n y Renovaci\u00f3n de Certificado de Aptitud Ambiental ( EIA y Auditor\u00eda Ambiental)<\/p><p style=\"text-align: left;\">&#8211; Alta, Clasificaci\u00f3n y Renovaci\u00f3n Certificado de Aptitud ambiental (Reg. 535\/19 y Res. 494\/19)<\/p><p style=\"text-align: left;\">&#8211; En el marco de la <span style=\"text-decoration: underline;\"><a href=\"http:\/\/www.gob.gba.gov.ar\/legislacion\/legislacion\/l-11459.html\"><strong><span style=\"color: #ff6600; text-decoration: underline;\">Ley 11.459<\/span><\/strong><\/a><\/span> y su decreto 531\/19, cada establecimiento industrial debe obtener un Certificado de Aptitud Ambiental (C.A.A.), como parte del tr\u00e1mite de radicaci\u00f3n y como requisito para la Habilitaci\u00f3n Industrial correspondiente.<\/p><p style=\"text-align: left;\"><span style=\"text-decoration: underline;\"><b><u>&#8211; <\/u>La obtenci\u00f3n del Certificado de Aptitud Ambiental (C.A.A.), se compone de tres etapas:<\/b><\/span><\/p><p style=\"text-align: left;\">&#8211; Etapa 1: Clasificaci\u00f3n del Nivel de Complejidad de la Industria (CNCA).<br \/>&#8211; Etapa 2: Obtenci\u00f3n de la aptitud ambiental de las obras por parte de la industria.<br \/>&#8211; Etapa 3: Obtenci\u00f3n de la Autorizaci\u00f3n de Funcionamiento por parte de la industria.<\/p><p style=\"text-align: left;\">Reclasificaci\u00f3n Industrial (CNCPA): Este proceso se efect\u00faa cuando el establecimiento industrial ha efectuado alguna modificaci\u00f3n de cualquier \u00edndole) en los procesos industriales, o cuando quiera realizarse la adecuaci\u00f3n terminol\u00f3gica del rubro espec\u00edfico.<\/p><p style=\"text-align: left;\"><span style=\"text-decoration: underline;\"><b><u>&#8211; <\/u>Estudio de Impacto ambiental:<\/b><\/span><\/p><p style=\"text-align: left;\">Evaluaci\u00f3n de Impacto Ambiental (EIA) y los requisitos para la obtenci\u00f3n de la Declaraci\u00f3n de Impacto Ambiental (DIA). Este tr\u00e1mite se efect\u00faa para proyectos alcanzados en el marco de la Ley N\u00b0 11.723, conforme el Anexo I.<\/p><p style=\"text-align: left;\">Informes Ambientales <br \/>L\u00edneas de base y diagn\u00f3stico ambiental<br \/>Monitoreo Ambiental<br \/>Auditor\u00edas Ambientales (Renovaci\u00f3n de CAA)<\/p><p style=\"text-align: left;\">&#8211; Registro de Generadores de Residuos Especiales industriales y no industriales En el marco de Ley 11.720\/ Dto 806\/97), todos los establecimientos industriales y no industriales , que generen residuos especiales seg\u00fan art N\u00b03 de la presente reglamentaci\u00f3n deber\u00e1n tramitar:<\/p><p style=\"text-align: left;\"><span style=\"text-decoration: underline;\"><b><u>&#8211; <\/u>Inscripci\u00f3n en el Registro de Generadores de Residuos<\/b><\/span><\/p><p style=\"text-align: left;\">Renovaci\u00f3n de Habilitaci\u00f3n Especial como generador de Residuos Especiales<\/p><p style=\"text-align: left;\">&#8211; Licencia de Emisiones Gaseosas a la Atm\u00f3sfera (LEGA)<br \/>&#8211; En el marco de la Ley N\u00b0 5965, y su decreto 1074\/18, todos aquellos establecimientos que generen emisiones gaseosas a la atm\u00f3sfera como consecuencia de su actividad (sea industrial o no) deben tramitar la Licencia de Emisiones Gaseosas a la Atm\u00f3sfera (LEGA), es el permiso ambiental emitido por OPDS.<\/p><p style=\"text-align: left;\"><span style=\"font-style: inherit; font-weight: inherit; background-color: var(--ast-global-color-4); color: var(--ast-global-color-3);\">&#8211; Renovaci\u00f3n de LEGA<\/span><\/p><p style=\"text-align: left;\"><span style=\"font-style: inherit; font-weight: inherit; background-color: var(--ast-global-color-4); color: var(--ast-global-color-3);\">&#8211; Prefactibilidad H\u00eddrica (Resol. ADA Nro. Resoluci\u00f3n 2222\/19)<\/span><\/p><p style=\"text-align: left;\">&#8211; Desarrollar la Etapa I de los tr\u00e1mites ante la Autoridad del Agua de la Provincia de Buenos Aires (ADA), a fin de obtener la Prefactibilidad H\u00eddrica, proceso obligatorio para obtener los permisos definitivos. Consiste en el an\u00e1lisis y evaluaciones sobre prefactibilidad Hidr\u00e1ulica, prefactibilidad de Explotaci\u00f3n (disponibilidad de agua), y pre factibilidad de Vuelco, con la finalidad de determinar cu\u00e1l es el riesgo y la factibilidad t\u00e9cnica del proyecto desde el punto del impacto sobre el recurso h\u00eddrico y sus condiciones hidr\u00e1ulicas.<\/p>\t\t\t\t\t\t<\/div>\n\t\t\t\t<\/div>\n\t\t\t\t\t<\/div>\n\t\t<\/div>\n\t\t\t\t\t\t\t<\/div>\n\t\t<\/section>\n\t\t\t\t\t\t\t<\/div>\n\t\t","protected":false},"excerpt":{"rendered":"<p>Soluciones ambientales &#8211; Sistema Integral de Tr\u00e1mites para el Desarrollo TerritorialAsesoramiento en el nuevo Portal Integrado de Tr\u00e1mites ante OPDS y ADA, la nueva exigencia para todas las empresas de la Provincia de Buenos Aires.OPDS &#8211; Emisi\u00f3n y Renovaci\u00f3n de Certificado de Aptitud Ambiental ( EIA y Auditor\u00eda Ambiental) &#8211; Alta, Clasificaci\u00f3n y Renovaci\u00f3n Certificado &hellip;<\/p>\n<p class=\"read-more\"> <a class=\"\" href=\"https:\/\/gafingenieria.ar\/index.php\/soluciones-ambientales\/\"> <span class=\"screen-reader-text\">Soluciones ambientales<\/span> Leer m\u00e1s &raquo;<\/a><\/p>\n","protected":false},"author":1,"featured_media":0,"parent":0,"menu_order":0,"comment_status":"closed","ping_status":"closed","template":"","meta":{"spay_email":"","_joinchat":[],"footnotes":""},"class_list":["post-725","page","type-page","status-publish","hentry"],"jetpack-related-posts":[{"id":20,"url":"https:\/\/gafingenieria.ar\/","url_meta":{"origin":725,"position":0},"title":"Inicio","date":"26 noviembre, 2018","format":false,"excerpt":"servicio de consultor\u00eda profesional a industrias, comercios, agro y construcci\u00f3n Nuestros Servicios Servicios de la energ\u00eda Proyecto, Direcci\u00f3n T\u00e9cnica y Ejecutiva de Obras El\u00e9ctricas y Electromec\u00e1nicas en Baja (220\/380V) y Media Tensi\u00f3n (13,2 y 33kV) Conoce m\u00e1s Seguridad e higiene Servicio de higiene y seguridad en el trabajo, mediciones de\u2026","rel":"","context":"Entrada similar ","img":{"alt_text":"","src":"https:\/\/i0.wp.com\/gafingenieria.ar\/wp-content\/uploads\/2021\/11\/logo-todo-blanco.png?resize=350%2C200&ssl=1","width":350,"height":200},"classes":[]},{"id":21,"url":"https:\/\/gafingenieria.ar\/index.php\/nosotros\/","url_meta":{"origin":725,"position":1},"title":"Nosotros","date":"26 noviembre, 2018","format":false,"excerpt":"Nosotros Ing. Fabricio StamponeFormaci\u00f3n: Ing. Electromec\u00e1nico (Fac. de Ingenieria-U.N.C.P.B.A) \/ Diplomatura en energias renovables (Fac. de Ingenieria-U.N.C.P.B.A) Linkedin Ing. Ma. Giannina PastorFormaci\u00f3n: Ing. Qu\u00edmica (Fac. de Ingenieria-U.N.C.P.B.A) Ing. En Seguridad e Higiene en el trabajo (Fac. de Ingenier\u00eda-U.N.C.P.B.A) especialista en Calidad Industrial (INCALIN-INTI) Linkedin Lic. Luciana NogarFormaci\u00f3n: Lic. En diagn\u00f3stico\u2026","rel":"","context":"Entrada similar ","img":{"alt_text":"","src":"","width":0,"height":0},"classes":[]}],"_links":{"self":[{"href":"https:\/\/gafingenieria.ar\/index.php\/wp-json\/wp\/v2\/pages\/725","targetHints":{"allow":["GET"]}}],"collection":[{"href":"https:\/\/gafingenieria.ar\/index.php\/wp-json\/wp\/v2\/pages"}],"about":[{"href":"https:\/\/gafingenieria.ar\/index.php\/wp-json\/wp\/v2\/types\/page"}],"author":[{"embeddable":true,"href":"https:\/\/gafingenieria.ar\/index.php\/wp-json\/wp\/v2\/users\/1"}],"replies":[{"embeddable":true,"href":"https:\/\/gafingenieria.ar\/index.php\/wp-json\/wp\/v2\/comments?post=725"}],"version-history":[{"count":31,"href":"https:\/\/gafingenieria.ar\/index.php\/wp-json\/wp\/v2\/pages\/725\/revisions"}],"predecessor-version":[{"id":1147,"href":"https:\/\/gafingenieria.ar\/index.php\/wp-json\/wp\/v2\/pages\/725\/revisions\/1147"}],"wp:attachment":[{"href":"https:\/\/gafingenieria.ar\/index.php\/wp-json\/wp\/v2\/media?parent=725"}],"curies":[{"name":"wp","href":"https:\/\/api.w.org\/{rel}","templated":true}]}}